{"id":706,"date":"2017-04-19T14:13:10","date_gmt":"2017-04-19T12:13:10","guid":{"rendered":"https:\/\/lavamedia.be\/product\/classic\/"},"modified":"2019-08-18T19:25:56","modified_gmt":"2019-08-18T17:25:56","slug":"classique","status":"publish","type":"product","link":"https:\/\/lavamedia.be\/fr\/product\/classique\/","title":{"rendered":"Classique"},"content":{"rendered":"<h3>Print + Digital<\/h3>\n<p>Recevez la revue 4\u00a0x par an dans votre bo\u00eete aux lettres et profitez de l\u2019acc\u00e8s illimit\u00e9 \u00e0 la version digitale de tous les articles.<\/p>\n","protected":false},"excerpt":{"rendered":"<p>Print + Digital Recevez la revue 4\u00a0x par an dans votre bo\u00eete aux lettres et profitez de l\u2019acc\u00e8s illimit\u00e9 \u00e0 la version digitale de tous les articles.<\/p>\n","protected":false},"featured_media":398,"template":"","meta":{"_acf_changed":false},"product_brand":[],"product_cat":[44],"product_tag":[],"class_list":{"0":"post-706","1":"product","2":"type-product","3":"status-publish","4":"has-post-thumbnail","6":"product_cat-abonnements","7":"product_shipping_class-subscriptions-fr","9":"first","10":"instock","11":"sold-individually","12":"taxable","13":"shipping-taxable","14":"purchasable","15":"product-type-subscription"},"acf":[],"aioseo_notices":[],"_links":{"self":[{"href":"https:\/\/lavamedia.be\/fr\/wp-json\/wp\/v2\/product\/706","targetHints":{"allow":["GET"]}}],"collection":[{"href":"https:\/\/lavamedia.be\/fr\/wp-json\/wp\/v2\/product"}],"about":[{"href":"https:\/\/lavamedia.be\/fr\/wp-json\/wp\/v2\/types\/product"}],"wp:featuredmedia":[{"embeddable":true,"href":"https:\/\/lavamedia.be\/fr\/wp-json\/wp\/v2\/media\/398"}],"wp:attachment":[{"href":"https:\/\/lavamedia.be\/fr\/wp-json\/wp\/v2\/media?parent=706"}],"wp:term":[{"taxonomy":"product_brand","embeddable":true,"href":"https:\/\/lavamedia.be\/fr\/wp-json\/wp\/v2\/product_brand?post=706"},{"taxonomy":"product_cat","embeddable":true,"href":"https:\/\/lavamedia.be\/fr\/wp-json\/wp\/v2\/product_cat?post=706"},{"taxonomy":"product_tag","embeddable":true,"href":"https:\/\/lavamedia.be\/fr\/wp-json\/wp\/v2\/product_tag?post=706"}],"curies":[{"name":"wp","href":"https:\/\/api.w.org\/{rel}","templated":true}]}}