{"id":704,"date":"2017-04-18T16:15:17","date_gmt":"2017-04-16T14:15:17","guid":{"rendered":"https:\/\/lavamedia.be\/product\/digital\/"},"modified":"2019-08-19T10:11:40","modified_gmt":"2019-08-19T08:11:40","slug":"digitale","status":"publish","type":"product","link":"https:\/\/lavamedia.be\/fr\/product\/digitale\/","title":{"rendered":"Digital"},"content":{"rendered":"<h3>Digital<\/h3>\n<p>Acc\u00e8s illimit\u00e9 \u00e0 la version digitale de tous les articles de tous les num\u00e9ros de Lava pendant un an.<\/p>\n","protected":false},"excerpt":{"rendered":"<p>Digital Acc\u00e8s illimit\u00e9 \u00e0 la version digitale de tous les articles de tous les num\u00e9ros de Lava pendant un an.<\/p>\n","protected":false},"featured_media":401,"template":"","meta":{"_acf_changed":false},"product_brand":[],"product_cat":[44],"product_tag":[],"class_list":{"0":"post-704","1":"product","2":"type-product","3":"status-publish","4":"has-post-thumbnail","6":"product_cat-abonnements","8":"first","9":"instock","10":"virtual","11":"sold-individually","12":"taxable","13":"purchasable","14":"product-type-subscription"},"acf":[],"aioseo_notices":[],"_links":{"self":[{"href":"https:\/\/lavamedia.be\/fr\/wp-json\/wp\/v2\/product\/704","targetHints":{"allow":["GET"]}}],"collection":[{"href":"https:\/\/lavamedia.be\/fr\/wp-json\/wp\/v2\/product"}],"about":[{"href":"https:\/\/lavamedia.be\/fr\/wp-json\/wp\/v2\/types\/product"}],"wp:featuredmedia":[{"embeddable":true,"href":"https:\/\/lavamedia.be\/fr\/wp-json\/wp\/v2\/media\/401"}],"wp:attachment":[{"href":"https:\/\/lavamedia.be\/fr\/wp-json\/wp\/v2\/media?parent=704"}],"wp:term":[{"taxonomy":"product_brand","embeddable":true,"href":"https:\/\/lavamedia.be\/fr\/wp-json\/wp\/v2\/product_brand?post=704"},{"taxonomy":"product_cat","embeddable":true,"href":"https:\/\/lavamedia.be\/fr\/wp-json\/wp\/v2\/product_cat?post=704"},{"taxonomy":"product_tag","embeddable":true,"href":"https:\/\/lavamedia.be\/fr\/wp-json\/wp\/v2\/product_tag?post=704"}],"curies":[{"name":"wp","href":"https:\/\/api.w.org\/{rel}","templated":true}]}}