{"id":700,"date":"2017-04-16T16:18:42","date_gmt":"2017-04-16T14:18:42","guid":{"rendered":"https:\/\/lavamedia.be\/product\/libraries-orgs\/"},"modified":"2019-08-18T19:23:33","modified_gmt":"2019-08-18T17:23:33","slug":"librairies-orgs","status":"publish","type":"product","link":"https:\/\/lavamedia.be\/fr\/product\/librairies-orgs\/","title":{"rendered":"Biblioth\u00e8ques &#038; org."},"content":{"rendered":"<h3>Print + Digital<\/h3>\n<p>Recevez la revue 4\u00a0x par an pour votre syndicat, association ou biblioth\u00e8que, y compris l&rsquo;acc\u00e8s \u00e0 la version digitale pendant un an.<\/p>\n","protected":false},"excerpt":{"rendered":"<p>Print + Digital Recevez la revue 4\u00a0x par an pour votre syndicat, association ou biblioth\u00e8que, y compris l&rsquo;acc\u00e8s \u00e0 la version digitale pendant un an.<\/p>\n","protected":false},"featured_media":398,"template":"","meta":{"_acf_changed":false},"product_brand":[],"product_cat":[44],"product_tag":[],"class_list":{"0":"post-700","1":"product","2":"type-product","3":"status-publish","4":"has-post-thumbnail","6":"product_cat-abonnements","7":"product_shipping_class-subscriptions-fr","9":"first","10":"instock","11":"sold-individually","12":"taxable","13":"shipping-taxable","14":"purchasable","15":"product-type-subscription"},"acf":[],"aioseo_notices":[],"_links":{"self":[{"href":"https:\/\/lavamedia.be\/fr\/wp-json\/wp\/v2\/product\/700","targetHints":{"allow":["GET"]}}],"collection":[{"href":"https:\/\/lavamedia.be\/fr\/wp-json\/wp\/v2\/product"}],"about":[{"href":"https:\/\/lavamedia.be\/fr\/wp-json\/wp\/v2\/types\/product"}],"wp:featuredmedia":[{"embeddable":true,"href":"https:\/\/lavamedia.be\/fr\/wp-json\/wp\/v2\/media\/398"}],"wp:attachment":[{"href":"https:\/\/lavamedia.be\/fr\/wp-json\/wp\/v2\/media?parent=700"}],"wp:term":[{"taxonomy":"product_brand","embeddable":true,"href":"https:\/\/lavamedia.be\/fr\/wp-json\/wp\/v2\/product_brand?post=700"},{"taxonomy":"product_cat","embeddable":true,"href":"https:\/\/lavamedia.be\/fr\/wp-json\/wp\/v2\/product_cat?post=700"},{"taxonomy":"product_tag","embeddable":true,"href":"https:\/\/lavamedia.be\/fr\/wp-json\/wp\/v2\/product_tag?post=700"}],"curies":[{"name":"wp","href":"https:\/\/api.w.org\/{rel}","templated":true}]}}