{"id":890,"date":"2017-04-20T11:53:57","date_gmt":"2017-04-20T09:53:57","guid":{"rendered":"https:\/\/lavamedia.be\/contact\/"},"modified":"2023-01-10T13:19:47","modified_gmt":"2023-01-10T11:19:47","slug":"contact","status":"publish","type":"page","link":"https:\/\/lavamedia.be\/fr\/contact\/","title":{"rendered":"Contact"},"content":{"rendered":"<p>Vous avez une remarque sur le contenu ou une question pour la r\u00e9daction de Lava\u00a0? Vous voulez publier un article\u00a0? Faites-le nous savoir via <a href=\"mailto:contact@lavamedia.be\">contact@lavamedia.be<\/a>. Ceci est aussi l\u2019adresse pour signaler des probl\u00e8mes techniques avec le site web, pour contacter les auteurs, demander des renseignements ou pour poser des questions \u00e0 propos des dons.<\/p>\n<p>Pour les questions ou probl\u00e8mes relatifs \u00e0 votre abonnement, prenez directement contact avec le service abonnement via mail : <a href=\"mailto:abo@lavamedia.be\">abo@lavamedia.be<\/a>.<\/p>\n<p>Vous voulez faire de la publicit\u00e9 sur notre site web ou dans le magazine ? <a href=\"https:\/\/lavamedia.be\/fr\/publicite\/\">Cliquez ici<\/a>.<\/p>\n<p>Pour joindre les r\u00e9dacteurs en chef, \u00e9crivez \u00e0 :\u00a0 <a href=\"mailto:ruben.ramboer@lavamedia.be\">ruben.ramboer@lavamedia.be<\/a> et <a href=\"mailto:sebastien.gillard@lavamedia.be\">sebastien.gillard@lavamedia.be<\/a>.<\/p>\n","protected":false},"excerpt":{"rendered":"<p>Vous avez une remarque sur le contenu ou une question pour la r\u00e9daction de Lava\u00a0? Vous voulez publier un article\u00a0? Faites-le nous savoir via contact@lavamedia.be. Ceci est aussi l\u2019adresse pour signaler des probl\u00e8mes techniques avec le site web, pour contacter les auteurs, demander des renseignements ou pour poser des questions \u00e0 propos des dons. Pour&#8230;<\/p>\n","protected":false},"author":1,"featured_media":0,"parent":0,"menu_order":0,"comment_status":"closed","ping_status":"closed","template":"","meta":{"_acf_changed":false,"footnotes":""},"class_list":["post-890","page","type-page","status-publish","hentry"],"acf":[],"aioseo_notices":[],"_links":{"self":[{"href":"https:\/\/lavamedia.be\/fr\/wp-json\/wp\/v2\/pages\/890","targetHints":{"allow":["GET"]}}],"collection":[{"href":"https:\/\/lavamedia.be\/fr\/wp-json\/wp\/v2\/pages"}],"about":[{"href":"https:\/\/lavamedia.be\/fr\/wp-json\/wp\/v2\/types\/page"}],"author":[{"embeddable":true,"href":"https:\/\/lavamedia.be\/fr\/wp-json\/wp\/v2\/users\/1"}],"replies":[{"embeddable":true,"href":"https:\/\/lavamedia.be\/fr\/wp-json\/wp\/v2\/comments?post=890"}],"version-history":[{"count":2,"href":"https:\/\/lavamedia.be\/fr\/wp-json\/wp\/v2\/pages\/890\/revisions"}],"predecessor-version":[{"id":42140,"href":"https:\/\/lavamedia.be\/fr\/wp-json\/wp\/v2\/pages\/890\/revisions\/42140"}],"wp:attachment":[{"href":"https:\/\/lavamedia.be\/fr\/wp-json\/wp\/v2\/media?parent=890"}],"curies":[{"name":"wp","href":"https:\/\/api.w.org\/{rel}","templated":true}]}}