{"id":51330,"date":"2024-12-04T17:33:07","date_gmt":"2024-12-04T15:33:07","guid":{"rendered":"https:\/\/lavamedia.be\/?page_id=51330"},"modified":"2025-02-10T17:50:13","modified_gmt":"2025-02-10T15:50:13","slug":"ecrire-pour-lava","status":"publish","type":"page","link":"https:\/\/lavamedia.be\/fr\/revue\/ecrire-pour-lava\/","title":{"rendered":"\u00c9crire pour Lava"},"content":{"rendered":"<p><span style=\"font-weight: 400;\">Lava est une revue de critique sociale pour un public g\u00e9n\u00e9ral et int\u00e9ress\u00e9. Lava est un outil tant intellectuel que politique pour aller \u00e0 contre-courant du cadre de pens\u00e9e dominant. En ce sens, nous accordons une importance \u00e0 la vulgarisation des concepts et des th\u00e8ses politiques afin de les populariser. Nous les \u00e9claircissons lorsque cela est n\u00e9cessaire, nous \u00e9vitons le jargon et nous contextualisons les r\u00e9f\u00e9rences.<\/span><\/p>\n<p><span style=\"font-weight: 400;\">Vos propositions d\u2019articles peuvent \u00eatre envoy\u00e9es par e-mail \u00e0 <\/span><a href=\"mailto:redaction@lavamedia.be\"><span style=\"font-weight: 400;\">contact@lavamedia.be<\/span><\/a><span style=\"font-weight: 400;\">. Les articles soumis seront lus par les membres de l&rsquo;\u00e9quipe \u00e9ditoriale, qui se r\u00e9servent le droit de refuser de les publier. Tous les articles soumis feront l&rsquo;objet d&rsquo;une r\u00e9daction finale.<\/span><\/p>\n<h2><b>Consignes de r\u00e9daction<\/b><\/h2>\n<ul>\n<li style=\"font-weight: 400;\" aria-level=\"1\"><span style=\"font-weight: 400;\">La longueur de l\u2019article est \u00e0 convenir avec la r\u00e9daction.<\/span><\/li>\n<li style=\"font-weight: 400;\" aria-level=\"1\"><span style=\"font-weight: 400;\">Sugg\u00e9rez un <strong>titre<\/strong> original de 60 caract\u00e8res et proposez une <strong>introduction<\/strong> entre 150 et 250 caract\u00e8res.\u00a0\u00a0<\/span><\/li>\n<li style=\"font-weight: 400;\" aria-level=\"1\"><span style=\"font-weight: 400;\">L\u2019intro et le titre doivent r\u00e9sumer l\u2019essentiel de l\u2019article, susciter la curiosit\u00e9 chez le lecteur et l\u2019informer sur ce qu\u2019il attend. Le titre ne doit pas \u00eatre trop myst\u00e9rieux \u00e0 moins qu\u2019il attire vraiment l\u2019attention du lecteur.<\/span><\/li>\n<li style=\"font-weight: 400;\" aria-level=\"1\"><span style=\"font-weight: 400;\">Proposez <strong>5 streamers<\/strong> de maximum 200 caract\u00e8res. Le streamer reprend, \u00e9ventuellement de mani\u00e8re raccourcie, un passage de l\u2019article. Il s\u2019agit d\u2019une formulation, d\u2019une id\u00e9e ou d\u2019un chiffre fort. Le streamer est une entit\u00e9 en soi, il doit \u00eatre compr\u00e9hensible \u00e0 part enti\u00e8re, sans lire l\u2019article.<\/span><\/li>\n<li style=\"font-weight: 400;\" aria-level=\"1\"><span style=\"font-weight: 400;\">Titre, intro et streamers peuvent toutefois \u00eatre modifi\u00e9s par la r\u00e9daction de Lava.<\/span><\/li>\n<li style=\"font-weight: 400;\" aria-level=\"1\"><span style=\"font-weight: 400;\">Proposez un <strong>abstract<\/strong> (r\u00e9sum\u00e9) de l\u2019article de 500 \u00e0 600 caract\u00e8res (seulement pour les articles print).<\/span><\/li>\n<li style=\"font-weight: 400;\" aria-level=\"1\"><span style=\"font-weight: 400;\">Structurez le texte en paragraphes et pr\u00e9voyez des <strong>sous-titres<\/strong> tous les 3000 signes environ. \u00c9vitez des paragraphes trop longs, cela complique la lecture sur \u00e9cran.<\/span><\/li>\n<li style=\"font-weight: 400;\" aria-level=\"1\"><span style=\"font-weight: 400;\">Les <strong>notes en fin de texte<\/strong> sont possibles, mais doivent \u00eatre limit\u00e9es. Elles peuvent \u00eatre utilis\u00e9es pour expliquer un mot ou un concept plus complexe. Elles doivent \u00eatre au style \u201cChicago\u201d, vous pouvez les g\u00e9n\u00e9rer via le site <\/span><a href=\"https:\/\/www.scribbr.fr\/\"><span style=\"font-weight: 400;\">Scribbr<\/span><\/a><span style=\"font-weight: 400;\">. \u00c9vitez les notes de fin de page du type<\/span><i><span style=\"font-weight: 400;\"> ibidem, op cit.<\/span><\/i><span style=\"font-weight: 400;\">, \u2026 Si vous avez la possibilit\u00e9 de faire figurer la r\u00e9f\u00e9rence dans le corps du texte, faites-le.<\/span><\/li>\n<li style=\"font-weight: 400;\" aria-level=\"1\"><span style=\"font-weight: 400;\">Si vous avez une proposition de <strong>photo ou <\/strong>d\u2019<strong>illustration<\/strong> pour accompagner votre article, n\u2019h\u00e9sitez pas \u00e0 nous la soumettre. Il est possible de joindre un graphique, un tableau, \u2026 \u00e0 votre article. Il faut un titre pour accompagner un graphique ou un tableau. Il doit \u00eatre compr\u00e9hensible et bien identifier ce qui est pr\u00e9sent\u00e9. Tous ces visuels sont retravaill\u00e9s par notre illustrateur, ils doivent donc apporter un vrai plus \u00e0 l\u2019article, car cela demande du travail.<\/span><\/li>\n<li style=\"font-weight: 400;\" aria-level=\"1\"><span style=\"font-weight: 400;\">Si vous avez d\u00e9j\u00e0 publi\u00e9 dans Lava contr\u00f4lez sur le site lavamedia.be s\u2019il faut une update de votre <strong>biographie<\/strong>. Si vous n\u2019avez pas encore publi\u00e9 dans Lava, envoyez une photo (au moins 1000 pixels de large, en aucun cas moins de 500 pixels). Si vous n\u2019avez pas encore publi\u00e9 dans Lava, envoyez une courte biographie de l\u2019auteur \/ des auteurs entre 100 et 400 caract\u00e8res \/ personne. Cela peut reprendre profession, fonctions et\/ou le(s) travaux publi\u00e9(s). <\/span><\/li>\n<\/ul>\n","protected":false},"excerpt":{"rendered":"<p>Lava est une revue de critique sociale pour un public g\u00e9n\u00e9ral et int\u00e9ress\u00e9. Lava est un outil tant intellectuel que politique pour aller \u00e0 contre-courant du cadre de pens\u00e9e dominant. En ce sens, nous accordons une importance \u00e0 la vulgarisation des concepts et des th\u00e8ses politiques afin de les populariser. Nous les \u00e9claircissons lorsque cela&#8230;<\/p>\n","protected":false},"author":1010,"featured_media":0,"parent":14,"menu_order":3,"comment_status":"closed","ping_status":"closed","template":"","meta":{"_acf_changed":false,"footnotes":""},"class_list":["post-51330","page","type-page","status-publish","hentry"],"acf":[],"aioseo_notices":[],"_links":{"self":[{"href":"https:\/\/lavamedia.be\/fr\/wp-json\/wp\/v2\/pages\/51330","targetHints":{"allow":["GET"]}}],"collection":[{"href":"https:\/\/lavamedia.be\/fr\/wp-json\/wp\/v2\/pages"}],"about":[{"href":"https:\/\/lavamedia.be\/fr\/wp-json\/wp\/v2\/types\/page"}],"author":[{"embeddable":true,"href":"https:\/\/lavamedia.be\/fr\/wp-json\/wp\/v2\/users\/1010"}],"replies":[{"embeddable":true,"href":"https:\/\/lavamedia.be\/fr\/wp-json\/wp\/v2\/comments?post=51330"}],"version-history":[{"count":6,"href":"https:\/\/lavamedia.be\/fr\/wp-json\/wp\/v2\/pages\/51330\/revisions"}],"predecessor-version":[{"id":52245,"href":"https:\/\/lavamedia.be\/fr\/wp-json\/wp\/v2\/pages\/51330\/revisions\/52245"}],"up":[{"embeddable":true,"href":"https:\/\/lavamedia.be\/fr\/wp-json\/wp\/v2\/pages\/14"}],"wp:attachment":[{"href":"https:\/\/lavamedia.be\/fr\/wp-json\/wp\/v2\/media?parent=51330"}],"curies":[{"name":"wp","href":"https:\/\/api.w.org\/{rel}","templated":true}]}}