{"id":41182,"date":"2022-10-31T16:16:15","date_gmt":"2022-10-31T14:16:15","guid":{"rendered":"https:\/\/lavamedia.be\/?page_id=41182"},"modified":"2026-02-19T16:46:35","modified_gmt":"2026-02-19T14:46:35","slug":"conditions-dutilisation","status":"publish","type":"page","link":"https:\/\/lavamedia.be\/fr\/conditions-dutilisation\/","title":{"rendered":"Conditions d&rsquo;utilisation"},"content":{"rendered":"<div class=\"shopify-policy__body\">\n<div class=\"rte\">\n<p><b>Mentions l\u00e9gales<\/b><\/p>\n<p>Ce webshop est la propri\u00e9t\u00e9 de<\/p>\n<p>Lava Media ASBL<br \/>\n19\/B4, Rue Vandenboogaerde<br \/>\n1080 Molenbeek-Saint-Jean<br \/>\nNum\u00e9ro de TVA : BE 0669.972.466<\/p>\n<p>E-mail : <a href=\"mailto:contact@lavamedia.be\" aria-describedby=\"a11y-external-message\">contact@lavamedia.be<\/a><br \/>\nT\u00e9l\u00e9phone : 0495 15 18 84<\/p>\n<p><b>Prix <\/b><\/p>\n<p>Tous les prix sont indiqu\u00e9s TVA comprise.<\/p>\n<p><b>Frais d\u2019envoi <\/b><\/p>\n<p>Les frais d\u2019envoi d\u00e9pendent du poids de la commande et sont calcul\u00e9s sur le site.<\/p>\n<p><b>D\u00e9lai de livraison <\/b><\/p>\n<p>Un fois par semaine, le lundi, nous passons nos colis \u00e0 bpost. Le d\u00e9lai de livraison d\u00e9pend ensuite des d\u00e9lais de livraison de bpost.<\/p>\n<p><b>Renvoi des envois incorrects<\/b><\/p>\n<p>Si vous avez re\u00e7u un envoi incorrect de notre part, veuillez nous contacter par e-mail <a href=\"mailto:contact@lavamedia.be\">contact@lavamedia.be<\/a>. Veuillez indiquer votre pr\u00e9nom, nom et le num\u00e9ro de votre commande. Nous organisons le retour avec vous et prenons en charge les frais.<\/p>\n<p>Les retours d&rsquo;envois d\u00e9fectueux doivent \u00eatre envoy\u00e9s &#8211; dans l&rsquo;\u00e9tat dans lequel ils ont \u00e9t\u00e9 re\u00e7us &#8211; suffisamment affranchis et emball\u00e9s \u00e0 Lava Media, 19\/B4, Rue Vandenboogaerde, 1080 Molenbeek-Saint-Jean.<\/p>\n<p><b>Droit de retrait <\/b><\/p>\n<p>Cf. le Code de droit \u00e9conomique, Livre VI, articles 45 \u00e0 53 sur les pratiques du march\u00e9 et la protection du consommateur, le consommateur a le droit de renoncer \u00e0 l&rsquo;achat dans un d\u00e9lai de 14 jours ouvrables, \u00e0 compter du jour suivant celui o\u00f9 la commande a \u00e9t\u00e9 pass\u00e9e, sans frais, \u00e0 condition d&rsquo;en informer le vendeur. Toute clause par laquelle le consommateur renonce \u00e0 ce droit est nulle et non avenue. En ce qui concerne le respect du d\u00e9lai, il suffit que la notification soit envoy\u00e9e avant l&rsquo;expiration de ce d\u00e9lai.<\/p>\n<p>Veuillez nous contacter le plus rapidement possible apr\u00e8s la r\u00e9ception de votre achat et au plus tard 14 jours apr\u00e8s avoir pass\u00e9 votre commande \u00e0 l&rsquo;adresse \u00e9lectronique <a href=\"mailto:contact@lavamedia.be\">contact@lavamedia.be<\/a>, en indiquant votre pr\u00e9nom, votre nom et le num\u00e9ro de votre commande et, si vous le souhaitez, en expliquant les raisons de votre retour. Si vous souhaitez \u00e9changer votre article, c&rsquo;est possible. Pour cela, contactez-nous \u00e9galement par e-mail.<\/p>\n<p>Les frais de retour et les risques d&rsquo;exp\u00e9dition sont \u00e0 votre charge, sauf s&rsquo;il s&rsquo;agit du retour d&rsquo;un envoi incorrect (voir ci-dessus). Les retours doivent \u00eatre envoy\u00e9s &#8211; dans l&rsquo;\u00e9tat dans lequel ils ont \u00e9t\u00e9 re\u00e7us &#8211; suffisamment affranchis et emball\u00e9s \u00e0 Lava Media,19\/B4, Rue Vandenboogaerde, 1080 Molenbeek-Saint-Jean<\/p>\n<p><b>Des probl\u00e8mes ou des questions ? <\/b><\/p>\n<p>N&rsquo;h\u00e9sitez pas \u00e0 nous contacter \u00e0 l&rsquo;adresse <a href=\"mailto:contact@lavamedia.be\">contact@lavamedia.be<\/a> <u><\/u>ou par t\u00e9l\u00e9phone au 0477 03 23 46.<\/p>\n<\/div>\n<\/div>\n","protected":false},"excerpt":{"rendered":"<p>Mentions l\u00e9gales Ce webshop est la propri\u00e9t\u00e9 de Lava Media ASBL 19\/B4, Rue Vandenboogaerde 1080 Molenbeek-Saint-Jean Num\u00e9ro de TVA : BE 0669.972.466 E-mail : contact@lavamedia.be T\u00e9l\u00e9phone : 0495 15 18 84 Prix Tous les prix sont indiqu\u00e9s TVA comprise. Frais d\u2019envoi Les frais d\u2019envoi d\u00e9pendent du poids de la commande et sont calcul\u00e9s sur le&#8230;<\/p>\n","protected":false},"author":901,"featured_media":0,"parent":0,"menu_order":0,"comment_status":"closed","ping_status":"closed","template":"","meta":{"_acf_changed":false,"footnotes":""},"class_list":["post-41182","page","type-page","status-publish","hentry"],"acf":[],"aioseo_notices":[],"_links":{"self":[{"href":"https:\/\/lavamedia.be\/fr\/wp-json\/wp\/v2\/pages\/41182","targetHints":{"allow":["GET"]}}],"collection":[{"href":"https:\/\/lavamedia.be\/fr\/wp-json\/wp\/v2\/pages"}],"about":[{"href":"https:\/\/lavamedia.be\/fr\/wp-json\/wp\/v2\/types\/page"}],"author":[{"embeddable":true,"href":"https:\/\/lavamedia.be\/fr\/wp-json\/wp\/v2\/users\/901"}],"replies":[{"embeddable":true,"href":"https:\/\/lavamedia.be\/fr\/wp-json\/wp\/v2\/comments?post=41182"}],"version-history":[{"count":4,"href":"https:\/\/lavamedia.be\/fr\/wp-json\/wp\/v2\/pages\/41182\/revisions"}],"predecessor-version":[{"id":57527,"href":"https:\/\/lavamedia.be\/fr\/wp-json\/wp\/v2\/pages\/41182\/revisions\/57527"}],"wp:attachment":[{"href":"https:\/\/lavamedia.be\/fr\/wp-json\/wp\/v2\/media?parent=41182"}],"curies":[{"name":"wp","href":"https:\/\/api.w.org\/{rel}","templated":true}]}}